{"id":3149,"date":"2022-02-03T12:09:45","date_gmt":"2022-02-03T17:09:45","guid":{"rendered":"https:\/\/runner-theme-116.flywheelsites.com\/?page_id=3149"},"modified":"2025-03-12T10:11:32","modified_gmt":"2025-03-12T15:11:32","slug":"privacy-policy","status":"publish","type":"page","link":"https:\/\/caribbeanbariatric.com\/es\/privacy-policy\/","title":{"rendered":"Pol\u00edtica de privacidad"},"content":{"rendered":"<div data-elementor-type=\"wp-page\" data-elementor-id=\"3149\" class=\"elementor elementor-3149\" data-elementor-post-type=\"page\">\n\t\t\t\t\t\t<section class=\"elementor-section elementor-top-section elementor-element elementor-element-664533dc elementor-section-height-min-height elementor-section-boxed elementor-section-height-default elementor-section-items-middle\" data-id=\"664533dc\" data-element_type=\"section\" data-e-type=\"section\" data-settings=\"{&quot;background_background&quot;:&quot;classic&quot;,&quot;shape_divider_bottom&quot;:&quot;waves&quot;}\">\n\t\t\t\t\t\t\t<div class=\"elementor-background-overlay\"><\/div>\n\t\t\t\t\t\t<div class=\"elementor-shape elementor-shape-bottom\" aria-hidden=\"true\" data-negative=\"false\">\n\t\t\t<svg xmlns=\"http:\/\/www.w3.org\/2000\/svg\" viewbox=\"0 0 1000 100\" preserveaspectratio=\"none\">\n\t<path class=\"elementor-shape-fill\" d=\"M421.9,6.5c22.6-2.5,51.5,0.4,75.5,5.3c23.6,4.9,70.9,23.5,100.5,35.7c75.8,32.2,133.7,44.5,192.6,49.7\tc23.6,2.1,48.7,3.5,103.4-2.5c54.7-6,106.2-25.6,106.2-25.6V0H0v30.3c0,0,72,32.6,158.4,30.5c39.2-0.7,92.8-6.7,134-22.4\tc21.2-8.1,52.2-18.2,79.7-24.2C399.3,7.9,411.6,7.5,421.9,6.5z\"\/>\n<\/svg>\t\t<\/div>\n\t\t\t\t\t<div class=\"elementor-container elementor-column-gap-no\">\n\t\t\t\t\t<div class=\"elementor-column elementor-col-100 elementor-top-column elementor-element elementor-element-75fd0a6d\" data-id=\"75fd0a6d\" data-element_type=\"column\" data-e-type=\"column\">\n\t\t\t<div class=\"elementor-widget-wrap elementor-element-populated\">\n\t\t\t\t\t\t<div class=\"elementor-element elementor-element-7b296206 elementor-widget elementor-widget-heading\" data-id=\"7b296206\" data-element_type=\"widget\" data-e-type=\"widget\" data-widget_type=\"heading.default\">\n\t\t\t\t<div class=\"elementor-widget-container\">\n\t\t\t\t\t<h1 class=\"elementor-heading-title elementor-size-default\">Pol\u00edtica de privacidad<\/h1>\t\t\t\t<\/div>\n\t\t\t\t<\/div>\n\t\t\t\t\t<\/div>\n\t\t<\/div>\n\t\t\t\t\t<\/div>\n\t\t<\/section>\n\t\t\t\t<section class=\"elementor-section elementor-top-section elementor-element elementor-element-fb2f8bf elementor-section-boxed elementor-section-height-default elementor-section-height-default\" data-id=\"fb2f8bf\" data-element_type=\"section\" data-e-type=\"section\" data-settings=\"{&quot;shape_divider_bottom&quot;:&quot;mountains&quot;,&quot;background_background&quot;:&quot;classic&quot;}\">\n\t\t\t\t\t<div class=\"elementor-shape elementor-shape-bottom\" aria-hidden=\"true\" data-negative=\"false\">\n\t\t\t<svg xmlns=\"http:\/\/www.w3.org\/2000\/svg\" viewbox=\"0 0 1000 100\" preserveaspectratio=\"none\">\n\t<path class=\"elementor-shape-fill\" opacity=\"0.33\" d=\"M473,67.3c-203.9,88.3-263.1-34-320.3,0C66,119.1,0,59.7,0,59.7V0h1000v59.7 c0,0-62.1,26.1-94.9,29.3c-32.8,3.3-62.8-12.3-75.8-22.1C806,49.6,745.3,8.7,694.9,4.7S492.4,59,473,67.3z\"\/>\n\t<path class=\"elementor-shape-fill\" opacity=\"0.66\" d=\"M734,67.3c-45.5,0-77.2-23.2-129.1-39.1c-28.6-8.7-150.3-10.1-254,39.1 s-91.7-34.4-149.2,0C115.7,118.3,0,39.8,0,39.8V0h1000v36.5c0,0-28.2-18.5-92.1-18.5C810.2,18.1,775.7,67.3,734,67.3z\"\/>\n\t<path class=\"elementor-shape-fill\" d=\"M766.1,28.9c-200-57.5-266,65.5-395.1,19.5C242,1.8,242,5.4,184.8,20.6C128,35.8,132.3,44.9,89.9,52.5C28.6,63.7,0,0,0,0 h1000c0,0-9.9,40.9-83.6,48.1S829.6,47,766.1,28.9z\"\/>\n<\/svg>\t\t<\/div>\n\t\t\t\t\t<div class=\"elementor-container elementor-column-gap-default\">\n\t\t\t\t\t<div class=\"elementor-column elementor-col-100 elementor-top-column elementor-element elementor-element-e1e9a76\" data-id=\"e1e9a76\" data-element_type=\"column\" data-e-type=\"column\">\n\t\t\t<div class=\"elementor-widget-wrap elementor-element-populated\">\n\t\t\t\t\t\t<div class=\"elementor-element elementor-element-7f1250c elementor-widget elementor-widget-text-editor\" data-id=\"7f1250c\" data-element_type=\"widget\" data-e-type=\"widget\" data-widget_type=\"text-editor.default\">\n\t\t\t\t<div class=\"elementor-widget-container\">\n\t\t\t\t\t\t\t\t\t<h2>Informaci\u00f3n obtenida de los visitantes<\/h2>\n<p>Al igual que otros sitios web, los archivos de registro se almacenan en el servidor web, donde se guardan datos como la direcci\u00f3n IP del visitante, el tipo de navegador, la p\u00e1gina de referencia y la hora de la visita.<\/p>\n<p>Las cookies pueden utilizarse para recordar las preferencias del visitante al interactuar con el sitio web.<\/p>\n<p>Cuando sea necesario registrarse, se almacenar\u00e1n en el servidor el correo electr\u00f3nico del visitante y un nombre de usuario.<\/p>\n<h2>C\u00f3mo se utiliza la informaci\u00f3n<\/h2>\n<p>La informaci\u00f3n se utiliza para mejorar la experiencia del visitante al utilizar el sitio web y mostrarle contenidos personalizados y, posiblemente, publicidad.<\/p>\n<p>Las direcciones de correo electr\u00f3nico no se vender\u00e1n, alquilar\u00e1n ni arrendar\u00e1n a terceros.<\/p>\n<p>Podremos enviarle correos electr\u00f3nicos para informarle de novedades sobre nuestros servicios u ofertas nuestras o de nuestras filiales.<\/p>\n<h2>Intercambio de informaci\u00f3n<\/h2>\n<p>No se compartir\u00e1 informaci\u00f3n m\u00f3vil con terceros\/afiliados con fines de marketing\/promoci\u00f3n. Se permite compartir informaci\u00f3n con subcontratistas de servicios de apoyo, como el servicio de atenci\u00f3n al cliente. Todas las dem\u00e1s categor\u00edas de casos de uso excluyen los datos y el consentimiento del remitente de los mensajes de texto; esta informaci\u00f3n no se compartir\u00e1 con terceros.<\/p><p><span style=\"background-color: var( --e-global-color-f806988 ); color: var( --e-global-color-text );\">No se vender\u00e1 informaci\u00f3n sobre m\u00f3viles a terceros\/afiliados con fines de marketing\/promoci\u00f3n.<\/span><\/p>\n<h2>Opciones para visitantes<\/h2>\n<p>Si se ha suscrito a uno de nuestros servicios, puede darse de baja siguiendo las instrucciones que se incluyen en el correo electr\u00f3nico que recibe.<\/p>\n<p>Puede bloquear las cookies a trav\u00e9s de la configuraci\u00f3n de su navegador, pero esto puede impedirle el acceso a determinadas funciones del sitio web.<\/p>\n<h2>Cookies<\/h2>\n<p>Las cookies son peque\u00f1os archivos de firma digital que almacena su navegador web y que permiten registrar sus preferencias cuando visita el sitio web. Tambi\u00e9n pueden utilizarse para hacer un seguimiento de sus visitas al sitio web.<\/p>\n<h2>Publicidad de terceros<\/h2>\n<p>Las empresas tambi\u00e9n pueden utilizar cookies con fines de seguimiento.<\/p>\n<h2>Anuncios Google<\/h2>\n<p>Google, como proveedor de terceros, utiliza cookies para publicar anuncios.<\/p>\n<p>El uso de la cookie de DART por parte de Google le permite publicar anuncios a los visitantes basados en su visita a los sitios que visitan en Internet.<\/p>\n<p>Los visitantes del sitio web pueden inhabilitar el uso de la cookie de DART visitando la pol\u00edtica de privacidad de la red de contenido y publicidad de Google.<\/p>\t\t\t\t\t\t\t\t<\/div>\n\t\t\t\t<\/div>\n\t\t\t\t\t<\/div>\n\t\t<\/div>\n\t\t\t\t\t<\/div>\n\t\t<\/section>\n\t\t\t\t<\/div>","protected":false},"excerpt":{"rendered":"<p>Privacy Policy Information that is gathered from visitors In common with other websites, log files are stored on the web server saving details such as the visitor&#8217;s IP address, browser type, referring page and time of visit. Cookies may be used to remember visitor preferences when interacting with the website. Where registration is required, the [&hellip;]<\/p>\n","protected":false},"author":1,"featured_media":0,"parent":0,"menu_order":0,"comment_status":"closed","ping_status":"closed","template":"","meta":{"_acf_changed":false,"footnotes":""},"class_list":["post-3149","page","type-page","status-publish","hentry"],"acf":[],"yoast_head":"<!-- This site is optimized with the Yoast SEO plugin v27.3 - https:\/\/yoast.com\/product\/yoast-seo-wordpress\/ -->\n<title>Privacy Policy &#8211; Caribbean Bariatric Institute<\/title>\n<meta name=\"description\" content=\"Review our privacy policy and learn how Caribbean Bariatric Institute collects, uses, and protects your data with cookies and log files to enhance your experience.\" \/>\n<meta name=\"robots\" content=\"index, follow, max-snippet:-1, max-image-preview:large, max-video-preview:-1\" \/>\n<link rel=\"canonical\" href=\"https:\/\/caribbeanbariatric.com\/es\/privacy-policy\/\" \/>\n<meta property=\"og:locale\" content=\"es_ES\" \/>\n<meta property=\"og:type\" content=\"article\" \/>\n<meta property=\"og:title\" content=\"Privacy Policy &#8211; Caribbean Bariatric Institute\" \/>\n<meta property=\"og:description\" content=\"Review our privacy policy and learn how Caribbean Bariatric Institute collects, uses, and protects your data with cookies and log files to enhance your experience.\" \/>\n<meta property=\"og:url\" content=\"https:\/\/caribbeanbariatric.com\/es\/privacy-policy\/\" \/>\n<meta property=\"og:site_name\" content=\"Caribbean Bariatric Institute\" \/>\n<meta property=\"article:modified_time\" content=\"2025-03-12T15:11:32+00:00\" \/>\n<meta name=\"twitter:card\" content=\"summary_large_image\" \/>\n<meta name=\"twitter:label1\" content=\"Est. reading time\" \/>\n\t<meta name=\"twitter:data1\" content=\"2 minutos\" \/>\n<script type=\"application\/ld+json\" class=\"yoast-schema-graph\">{\"@context\":\"https:\\\/\\\/schema.org\",\"@graph\":[{\"@type\":\"WebPage\",\"@id\":\"https:\\\/\\\/caribbeanbariatric.com\\\/privacy-policy\\\/\",\"url\":\"https:\\\/\\\/caribbeanbariatric.com\\\/privacy-policy\\\/\",\"name\":\"Privacy Policy &#8211; Caribbean Bariatric Institute\",\"isPartOf\":{\"@id\":\"https:\\\/\\\/caribbeanbariatric.com\\\/#website\"},\"datePublished\":\"2022-02-03T17:09:45+00:00\",\"dateModified\":\"2025-03-12T15:11:32+00:00\",\"description\":\"Review our privacy policy and learn how Caribbean Bariatric Institute collects, uses, and protects your data with cookies and log files to enhance your experience.\",\"breadcrumb\":{\"@id\":\"https:\\\/\\\/caribbeanbariatric.com\\\/privacy-policy\\\/#breadcrumb\"},\"inLanguage\":\"es\",\"potentialAction\":[{\"@type\":\"ReadAction\",\"target\":[\"https:\\\/\\\/caribbeanbariatric.com\\\/privacy-policy\\\/\"]}]},{\"@type\":\"BreadcrumbList\",\"@id\":\"https:\\\/\\\/caribbeanbariatric.com\\\/privacy-policy\\\/#breadcrumb\",\"itemListElement\":[{\"@type\":\"ListItem\",\"position\":1,\"name\":\"Home\",\"item\":\"https:\\\/\\\/caribbeanbariatric.com\\\/\"},{\"@type\":\"ListItem\",\"position\":2,\"name\":\"Privacy Policy\"}]},{\"@type\":\"WebSite\",\"@id\":\"https:\\\/\\\/caribbeanbariatric.com\\\/#website\",\"url\":\"https:\\\/\\\/caribbeanbariatric.com\\\/\",\"name\":\"Caribbean Bariatric Institute\",\"description\":\"\",\"publisher\":{\"@id\":\"https:\\\/\\\/caribbeanbariatric.com\\\/#organization\"},\"potentialAction\":[{\"@type\":\"SearchAction\",\"target\":{\"@type\":\"EntryPoint\",\"urlTemplate\":\"https:\\\/\\\/caribbeanbariatric.com\\\/?s={search_term_string}\"},\"query-input\":{\"@type\":\"PropertyValueSpecification\",\"valueRequired\":true,\"valueName\":\"search_term_string\"}}],\"inLanguage\":\"es\"},{\"@type\":\"Organization\",\"@id\":\"https:\\\/\\\/caribbeanbariatric.com\\\/#organization\",\"name\":\"Caribbean Bariatric Institute\",\"url\":\"https:\\\/\\\/caribbeanbariatric.com\\\/\",\"logo\":{\"@type\":\"ImageObject\",\"inLanguage\":\"es\",\"@id\":\"https:\\\/\\\/caribbeanbariatric.com\\\/#\\\/schema\\\/logo\\\/image\\\/\",\"url\":\"https:\\\/\\\/caribbeanbariatric.com\\\/wp-content\\\/uploads\\\/2024\\\/10\\\/CBI_Logo_Horiz_Blue_Gray.jpg\",\"contentUrl\":\"https:\\\/\\\/caribbeanbariatric.com\\\/wp-content\\\/uploads\\\/2024\\\/10\\\/CBI_Logo_Horiz_Blue_Gray.jpg\",\"width\":1347,\"height\":390,\"caption\":\"Caribbean Bariatric Institute\"},\"image\":{\"@id\":\"https:\\\/\\\/caribbeanbariatric.com\\\/#\\\/schema\\\/logo\\\/image\\\/\"}}]}<\/script>\n<!-- \/ Yoast SEO plugin. -->","yoast_head_json":{"title":"Privacy Policy &#8211; Caribbean Bariatric Institute","description":"Review our privacy policy and learn how Caribbean Bariatric Institute collects, uses, and protects your data with cookies and log files to enhance your experience.","robots":{"index":"index","follow":"follow","max-snippet":"max-snippet:-1","max-image-preview":"max-image-preview:large","max-video-preview":"max-video-preview:-1"},"canonical":"https:\/\/caribbeanbariatric.com\/es\/privacy-policy\/","og_locale":"es_ES","og_type":"article","og_title":"Privacy Policy &#8211; Caribbean Bariatric Institute","og_description":"Review our privacy policy and learn how Caribbean Bariatric Institute collects, uses, and protects your data with cookies and log files to enhance your experience.","og_url":"https:\/\/caribbeanbariatric.com\/es\/privacy-policy\/","og_site_name":"Caribbean Bariatric Institute","article_modified_time":"2025-03-12T15:11:32+00:00","twitter_card":"summary_large_image","twitter_misc":{"Est. reading time":"2 minutos"},"schema":{"@context":"https:\/\/schema.org","@graph":[{"@type":"WebPage","@id":"https:\/\/caribbeanbariatric.com\/privacy-policy\/","url":"https:\/\/caribbeanbariatric.com\/privacy-policy\/","name":"Privacy Policy &#8211; Caribbean Bariatric Institute","isPartOf":{"@id":"https:\/\/caribbeanbariatric.com\/#website"},"datePublished":"2022-02-03T17:09:45+00:00","dateModified":"2025-03-12T15:11:32+00:00","description":"Review our privacy policy and learn how Caribbean Bariatric Institute collects, uses, and protects your data with cookies and log files to enhance your experience.","breadcrumb":{"@id":"https:\/\/caribbeanbariatric.com\/privacy-policy\/#breadcrumb"},"inLanguage":"es","potentialAction":[{"@type":"ReadAction","target":["https:\/\/caribbeanbariatric.com\/privacy-policy\/"]}]},{"@type":"BreadcrumbList","@id":"https:\/\/caribbeanbariatric.com\/privacy-policy\/#breadcrumb","itemListElement":[{"@type":"ListItem","position":1,"name":"Home","item":"https:\/\/caribbeanbariatric.com\/"},{"@type":"ListItem","position":2,"name":"Privacy Policy"}]},{"@type":"WebSite","@id":"https:\/\/caribbeanbariatric.com\/#website","url":"https:\/\/caribbeanbariatric.com\/","name":"Instituto Bari\u00e1trico del Caribe","description":"","publisher":{"@id":"https:\/\/caribbeanbariatric.com\/#organization"},"potentialAction":[{"@type":"SearchAction","target":{"@type":"EntryPoint","urlTemplate":"https:\/\/caribbeanbariatric.com\/?s={search_term_string}"},"query-input":{"@type":"PropertyValueSpecification","valueRequired":true,"valueName":"search_term_string"}}],"inLanguage":"es"},{"@type":"Organization","@id":"https:\/\/caribbeanbariatric.com\/#organization","name":"Instituto Bari\u00e1trico del Caribe","url":"https:\/\/caribbeanbariatric.com\/","logo":{"@type":"ImageObject","inLanguage":"es","@id":"https:\/\/caribbeanbariatric.com\/#\/schema\/logo\/image\/","url":"https:\/\/caribbeanbariatric.com\/wp-content\/uploads\/2024\/10\/CBI_Logo_Horiz_Blue_Gray.jpg","contentUrl":"https:\/\/caribbeanbariatric.com\/wp-content\/uploads\/2024\/10\/CBI_Logo_Horiz_Blue_Gray.jpg","width":1347,"height":390,"caption":"Caribbean Bariatric Institute"},"image":{"@id":"https:\/\/caribbeanbariatric.com\/#\/schema\/logo\/image\/"}}]}},"_links":{"self":[{"href":"https:\/\/caribbeanbariatric.com\/es\/wp-json\/wp\/v2\/pages\/3149","targetHints":{"allow":["GET"]}}],"collection":[{"href":"https:\/\/caribbeanbariatric.com\/es\/wp-json\/wp\/v2\/pages"}],"about":[{"href":"https:\/\/caribbeanbariatric.com\/es\/wp-json\/wp\/v2\/types\/page"}],"author":[{"embeddable":true,"href":"https:\/\/caribbeanbariatric.com\/es\/wp-json\/wp\/v2\/users\/1"}],"replies":[{"embeddable":true,"href":"https:\/\/caribbeanbariatric.com\/es\/wp-json\/wp\/v2\/comments?post=3149"}],"version-history":[{"count":0,"href":"https:\/\/caribbeanbariatric.com\/es\/wp-json\/wp\/v2\/pages\/3149\/revisions"}],"wp:attachment":[{"href":"https:\/\/caribbeanbariatric.com\/es\/wp-json\/wp\/v2\/media?parent=3149"}],"curies":[{"name":"wp","href":"https:\/\/api.w.org\/{rel}","templated":true}]}}