{"id":3139,"date":"2022-10-03T12:06:42","date_gmt":"2022-10-03T17:06:42","guid":{"rendered":"https:\/\/runner-theme-116.flywheelsites.com\/?page_id=3139"},"modified":"2025-03-05T09:01:47","modified_gmt":"2025-03-05T14:01:47","slug":"billing-cost-of-surgery","status":"publish","type":"page","link":"https:\/\/caribbeanbariatric.com\/es\/resources\/billing-cost-of-surgery\/","title":{"rendered":"Facturaci\u00f3n \/ Coste de la cirug\u00eda"},"content":{"rendered":"<div data-elementor-type=\"wp-page\" data-elementor-id=\"3139\" class=\"elementor elementor-3139\" data-elementor-post-type=\"page\">\n\t\t\t\t\t\t<section class=\"elementor-section elementor-top-section elementor-element elementor-element-5c0c31c4 elementor-section-height-min-height elementor-section-boxed elementor-section-height-default elementor-section-items-middle\" data-id=\"5c0c31c4\" data-element_type=\"section\" data-e-type=\"section\" data-settings=\"{&quot;background_background&quot;:&quot;classic&quot;,&quot;shape_divider_bottom&quot;:&quot;waves&quot;}\">\n\t\t\t\t\t\t\t<div class=\"elementor-background-overlay\"><\/div>\n\t\t\t\t\t\t<div class=\"elementor-shape elementor-shape-bottom\" aria-hidden=\"true\" data-negative=\"false\">\n\t\t\t<svg xmlns=\"http:\/\/www.w3.org\/2000\/svg\" viewbox=\"0 0 1000 100\" preserveaspectratio=\"none\">\n\t<path class=\"elementor-shape-fill\" d=\"M421.9,6.5c22.6-2.5,51.5,0.4,75.5,5.3c23.6,4.9,70.9,23.5,100.5,35.7c75.8,32.2,133.7,44.5,192.6,49.7\tc23.6,2.1,48.7,3.5,103.4-2.5c54.7-6,106.2-25.6,106.2-25.6V0H0v30.3c0,0,72,32.6,158.4,30.5c39.2-0.7,92.8-6.7,134-22.4\tc21.2-8.1,52.2-18.2,79.7-24.2C399.3,7.9,411.6,7.5,421.9,6.5z\"\/>\n<\/svg>\t\t<\/div>\n\t\t\t\t\t<div class=\"elementor-container elementor-column-gap-no\">\n\t\t\t\t\t<div class=\"elementor-column elementor-col-50 elementor-top-column elementor-element elementor-element-207c1cf0\" data-id=\"207c1cf0\" data-element_type=\"column\" data-e-type=\"column\">\n\t\t\t<div class=\"elementor-widget-wrap elementor-element-populated\">\n\t\t\t\t\t\t<div class=\"elementor-element elementor-element-581795af elementor-widget elementor-widget-heading\" data-id=\"581795af\" data-element_type=\"widget\" data-e-type=\"widget\" data-widget_type=\"heading.default\">\n\t\t\t\t<div class=\"elementor-widget-container\">\n\t\t\t\t\t<h1 class=\"elementor-heading-title elementor-size-default\">Facturaci\u00f3n y coste de la cirug\u00eda\n\n<\/h1>\t\t\t\t<\/div>\n\t\t\t\t<\/div>\n\t\t\t\t<div class=\"elementor-element elementor-element-af443d6 elementor-widget elementor-widget-text-editor\" data-id=\"af443d6\" data-element_type=\"widget\" data-e-type=\"widget\" data-widget_type=\"text-editor.default\">\n\t\t\t\t<div class=\"elementor-widget-container\">\n\t\t\t\t\t\t\t\t\t<p>Los procedimientos de facturaci\u00f3n en el Instituto Bari\u00e1trico del Caribe pueden variar en funci\u00f3n del tipo de cirug\u00eda que recibe y su proveedor de seguros.<\/p>\t\t\t\t\t\t\t\t<\/div>\n\t\t\t\t<\/div>\n\t\t\t\t\t<\/div>\n\t\t<\/div>\n\t\t\t\t<div class=\"elementor-column elementor-col-50 elementor-top-column elementor-element elementor-element-7993c4 elementor-hidden-mobile\" data-id=\"7993c4\" data-element_type=\"column\" data-e-type=\"column\" data-settings=\"{&quot;background_background&quot;:&quot;classic&quot;}\">\n\t\t\t<div class=\"elementor-widget-wrap\">\n\t\t\t\t\t\t\t<\/div>\n\t\t<\/div>\n\t\t\t\t\t<\/div>\n\t\t<\/section>\n\t\t\t\t<section class=\"elementor-section elementor-top-section elementor-element elementor-element-ea3c4dc elementor-section-boxed elementor-section-height-default elementor-section-height-default\" data-id=\"ea3c4dc\" data-element_type=\"section\" data-e-type=\"section\">\n\t\t\t\t\t\t<div class=\"elementor-container elementor-column-gap-default\">\n\t\t\t\t\t<div class=\"elementor-column elementor-col-100 elementor-top-column elementor-element elementor-element-d359c06\" data-id=\"d359c06\" data-element_type=\"column\" data-e-type=\"column\">\n\t\t\t<div class=\"elementor-widget-wrap elementor-element-populated\">\n\t\t\t\t\t\t<div class=\"elementor-element elementor-element-a4eb151 elementor-widget elementor-widget-heading\" data-id=\"a4eb151\" data-element_type=\"widget\" data-e-type=\"widget\" data-widget_type=\"heading.default\">\n\t\t\t\t<div class=\"elementor-widget-container\">\n\t\t\t\t\t<h2 class=\"elementor-heading-title elementor-size-default\">Procedimiento de facturaci\u00f3n<\/h2>\t\t\t\t<\/div>\n\t\t\t\t<\/div>\n\t\t\t\t<div class=\"elementor-element elementor-element-2b5125c8 elementor-widget elementor-widget-text-editor\" data-id=\"2b5125c8\" data-element_type=\"widget\" data-e-type=\"widget\" data-widget_type=\"text-editor.default\">\n\t\t\t\t<div class=\"elementor-widget-container\">\n\t\t\t\t\t\t\t\t\t<p>Caribbean Bariatric Institute se esfuerza por hacer la cirug\u00eda bari\u00e1trica lo m\u00e1s accesible posible, ofreciendo m\u00faltiples opciones de pago, incluyendo seguro de salud, dinero en efectivo y CareCredit.<\/p>\n<h3>Seguro de enfermedad<\/h3>\n<p>Aceptamos la mayor\u00eda de los principales proveedores de seguros m\u00e9dicos, lo que ayuda a los pacientes a asegurarse de que pueden recibir cobertura para sus procedimientos, siempre que cumplan los criterios necesarios. Si est\u00e1 pensando en someterse a una intervenci\u00f3n quir\u00fargica, es esencial que consulte a su compa\u00f1\u00eda de seguros para confirmar qu\u00e9 est\u00e1 cubierto, incluidas las consultas, la intervenci\u00f3n quir\u00fargica y los cuidados de seguimiento.<\/p>\n<h3>Pago en efectivo y autopago<\/h3>\n<p>Para los pacientes que prefieren pagar de su bolsillo, Caribbean Bariatric Institute acepta pagos en efectivo. Adem\u00e1s, podemos trabajar con CareCredit, una opci\u00f3n de financiaci\u00f3n de la asistencia sanitaria que permite a los pacientes a manejar el costo de la cirug\u00eda en el tiempo con planes de pago flexibles. CareCredit proporciona una manera f\u00e1cil y asequible para dividir el costo de la cirug\u00eda bari\u00e1trica en pagos mensuales manejables.<\/p>\t\t\t\t\t\t\t\t<\/div>\n\t\t\t\t<\/div>\n\t\t\t\t\t<\/div>\n\t\t<\/div>\n\t\t\t\t\t<\/div>\n\t\t<\/section>\n\t\t\t\t<section class=\"elementor-section elementor-top-section elementor-element elementor-element-263645f elementor-section-boxed elementor-section-height-default elementor-section-height-default\" data-id=\"263645f\" data-element_type=\"section\" data-e-type=\"section\">\n\t\t\t\t\t\t<div class=\"elementor-container elementor-column-gap-default\">\n\t\t\t\t\t<div class=\"elementor-column elementor-col-100 elementor-top-column elementor-element elementor-element-c66a473\" data-id=\"c66a473\" data-element_type=\"column\" data-e-type=\"column\">\n\t\t\t<div class=\"elementor-widget-wrap elementor-element-populated\">\n\t\t\t\t\t\t<div class=\"elementor-element elementor-element-048c9fc elementor-widget elementor-widget-heading\" data-id=\"048c9fc\" data-element_type=\"widget\" data-e-type=\"widget\" data-widget_type=\"heading.default\">\n\t\t\t\t<div class=\"elementor-widget-container\">\n\t\t\t\t\t<h2 class=\"elementor-heading-title elementor-size-default\">Coste de la cirug\u00eda bari\u00e1trica\n\n<\/h2>\t\t\t\t<\/div>\n\t\t\t\t<\/div>\n\t\t\t\t<div class=\"elementor-element elementor-element-af34f0d elementor-widget elementor-widget-text-editor\" data-id=\"af34f0d\" data-element_type=\"widget\" data-e-type=\"widget\" data-widget_type=\"text-editor.default\">\n\t\t\t\t<div class=\"elementor-widget-container\">\n\t\t\t\t\t\t\t\t\t<p>El coste de la cirug\u00eda bari\u00e1trica var\u00eda en funci\u00f3n del tipo de procedimiento realizado y de las necesidades individuales del paciente. Por t\u00e9rmino medio, el coste de la cirug\u00eda de p\u00e9rdida de peso puede oscilar entre $8.000 y $15.000. Estos costes suelen cubrir los honorarios del hospital, los honorarios del cirujano, la anestesia, los cuidados pre y postoperatorios y las citas de seguimiento. Sin embargo, algunos gastos, como los medicamentos o los planes de nutrici\u00f3n postoperatorios, pueden ser adicionales.<\/p><p>Invertir en cirug\u00eda bari\u00e1trica puede suponer importantes mejoras para la salud a largo plazo, reduciendo los costes relacionados con las afecciones derivadas de la obesidad. Hablar de sus opciones con su profesional sanitario puede ayudarle a entender qu\u00e9 incluye el precio y a encontrar una soluci\u00f3n que se adapte a su situaci\u00f3n financiera.<\/p>\t\t\t\t\t\t\t\t<\/div>\n\t\t\t\t<\/div>\n\t\t\t\t\t<\/div>\n\t\t<\/div>\n\t\t\t\t\t<\/div>\n\t\t<\/section>\n\t\t\t\t<section class=\"elementor-section elementor-top-section elementor-element elementor-element-774d5162 elementor-section-full_width elementor-section-height-default elementor-section-height-default\" data-id=\"774d5162\" data-element_type=\"section\" data-e-type=\"section\" data-settings=\"{&quot;background_background&quot;:&quot;classic&quot;}\">\n\t\t\t\t\t\t<div class=\"elementor-container elementor-column-gap-default\">\n\t\t\t\t\t<div class=\"elementor-column elementor-col-100 elementor-top-column elementor-element elementor-element-3ffd8dcf\" data-id=\"3ffd8dcf\" data-element_type=\"column\" data-e-type=\"column\">\n\t\t\t<div class=\"elementor-widget-wrap elementor-element-populated\">\n\t\t\t\t\t\t<div class=\"elementor-element elementor-element-61b0cbeb elementor-widget elementor-widget-template\" data-id=\"61b0cbeb\" data-element_type=\"widget\" data-e-type=\"widget\" data-widget_type=\"template.default\">\n\t\t\t\t<div class=\"elementor-widget-container\">\n\t\t\t\t\t\t\t<div class=\"elementor-template\">\n\t\t\t\t\t<div data-elementor-type=\"section\" data-elementor-id=\"2831\" class=\"elementor elementor-2831\" data-elementor-post-type=\"elementor_library\">\n\t\t\t\t\t<section class=\"elementor-section elementor-top-section elementor-element elementor-element-609fbb5e elementor-section-height-min-height elementor-section-items-bottom elementor-section-boxed elementor-section-height-default\" data-id=\"609fbb5e\" data-element_type=\"section\" data-e-type=\"section\">\n\t\t\t\t\t\t<div class=\"elementor-container elementor-column-gap-default\">\n\t\t\t\t\t<div class=\"elementor-column elementor-col-100 elementor-top-column elementor-element elementor-element-8a98846\" data-id=\"8a98846\" data-element_type=\"column\" data-e-type=\"column\" data-settings=\"{&quot;background_background&quot;:&quot;classic&quot;}\">\n\t\t\t<div class=\"elementor-widget-wrap elementor-element-populated\">\n\t\t\t\t\t\t<section class=\"elementor-section elementor-inner-section elementor-element elementor-element-e0b1e5d elementor-section-full_width elementor-section-height-default elementor-section-height-default\" data-id=\"e0b1e5d\" data-element_type=\"section\" data-e-type=\"section\" data-settings=\"{&quot;background_background&quot;:&quot;classic&quot;}\">\n\t\t\t\t\t\t<div class=\"elementor-container elementor-column-gap-default\">\n\t\t\t\t\t<div class=\"elementor-column elementor-col-50 elementor-inner-column elementor-element elementor-element-2708077\" data-id=\"2708077\" data-element_type=\"column\" data-e-type=\"column\">\n\t\t\t<div class=\"elementor-widget-wrap elementor-element-populated\">\n\t\t\t\t\t\t<div class=\"elementor-element elementor-element-25755cb ignore-text-transform elementor-widget elementor-widget-heading\" data-id=\"25755cb\" data-element_type=\"widget\" data-e-type=\"widget\" data-widget_type=\"heading.default\">\n\t\t\t\t<div class=\"elementor-widget-container\">\n\t\t\t\t\t<h2 class=\"elementor-heading-title elementor-size-default\">Te mereces una p\u00e9rdida de peso duradera y una mejor salud. \n\n<\/h2>\t\t\t\t<\/div>\n\t\t\t\t<\/div>\n\t\t\t\t<div class=\"elementor-element elementor-element-b86637a elementor-widget elementor-widget-text-editor\" data-id=\"b86637a\" data-element_type=\"widget\" data-e-type=\"widget\" data-widget_type=\"text-editor.default\">\n\t\t\t\t<div class=\"elementor-widget-container\">\n\t\t\t\t\t\t\t\t\t<p>Su salud y bienestar son importantes. Si usted ha estado luchando con el peso o problemas de salud relacionados con el peso, Caribbean Bariatric Institute puede ayudar. Tome el primer paso hacia una vida m\u00e1s saludable y solicite una cita hoy mismo.<\/p>\t\t\t\t\t\t\t\t<\/div>\n\t\t\t\t<\/div>\n\t\t\t\t<div class=\"elementor-element elementor-element-bd8bff6 elementor-hidden-desktop elementor-hidden-tablet elementor-hidden-mobile elementor-widget elementor-widget-heading\" data-id=\"bd8bff6\" data-element_type=\"widget\" data-e-type=\"widget\" data-widget_type=\"heading.default\">\n\t\t\t\t<div class=\"elementor-widget-container\">\n\t\t\t\t\t<h3 class=\"elementor-heading-title elementor-size-default\"><a href=\"tel:+17874255980\">(787) 425-5980<\/a><\/h3>\t\t\t\t<\/div>\n\t\t\t\t<\/div>\n\t\t\t\t<div class=\"elementor-element elementor-element-d123028 elementor-align-left elementor-widget elementor-widget-button\" data-id=\"d123028\" data-element_type=\"widget\" data-e-type=\"widget\" data-widget_type=\"button.default\">\n\t\t\t\t<div class=\"elementor-widget-container\">\n\t\t\t\t\t\t\t\t\t<div class=\"elementor-button-wrapper\">\n\t\t\t\t\t<a class=\"elementor-button elementor-button-link elementor-size-sm\" href=\"\/es\/request-an-appointment\/\">\n\t\t\t\t\t\t<span class=\"elementor-button-content-wrapper\">\n\t\t\t\t\t\t\t\t\t<span class=\"elementor-button-text\">Solicitar una cita<\/span>\n\t\t\t\t\t<\/span>\n\t\t\t\t\t<\/a>\n\t\t\t\t<\/div>\n\t\t\t\t\t\t\t\t<\/div>\n\t\t\t\t<\/div>\n\t\t\t\t\t<\/div>\n\t\t<\/div>\n\t\t\t\t<div class=\"elementor-column elementor-col-50 elementor-inner-column elementor-element elementor-element-90c3883\" data-id=\"90c3883\" data-element_type=\"column\" data-e-type=\"column\">\n\t\t\t<div class=\"elementor-widget-wrap elementor-element-populated\">\n\t\t\t\t\t\t<div class=\"elementor-element elementor-element-3b8f87d elementor-absolute abs-image elementor-widget elementor-widget-image\" data-id=\"3b8f87d\" data-element_type=\"widget\" data-e-type=\"widget\" data-settings=\"{&quot;_position&quot;:&quot;absolute&quot;}\" data-widget_type=\"image.default\">\n\t\t\t\t<div class=\"elementor-widget-container\">\n\t\t\t\t\t\t\t\t\t\t\t\t\t\t\t<img fetchpriority=\"high\" decoding=\"async\" width=\"430\" height=\"369\" src=\"https:\/\/caribbeanbariatric.com\/wp-content\/uploads\/2022\/01\/confident-ethnic-man-laughing.png\" class=\"attachment-large size-large wp-image-6758\" alt=\"confident-ethnic-man-laughing\" srcset=\"https:\/\/caribbeanbariatric.com\/wp-content\/uploads\/2022\/01\/confident-ethnic-man-laughing.png 430w, https:\/\/caribbeanbariatric.com\/wp-content\/uploads\/2022\/01\/confident-ethnic-man-laughing-300x257.png 300w\" sizes=\"(max-width: 430px) 100vw, 430px\" \/>\t\t\t\t\t\t\t\t\t\t\t\t\t\t\t<\/div>\n\t\t\t\t<\/div>\n\t\t\t\t\t<\/div>\n\t\t<\/div>\n\t\t\t\t\t<\/div>\n\t\t<\/section>\n\t\t\t\t\t<\/div>\n\t\t<\/div>\n\t\t\t\t\t<\/div>\n\t\t<\/section>\n\t\t\t\t<\/div>\n\t\t\t\t<\/div>\n\t\t\t\t\t\t<\/div>\n\t\t\t\t<\/div>\n\t\t\t\t\t<\/div>\n\t\t<\/div>\n\t\t\t\t\t<\/div>\n\t\t<\/section>\n\t\t\t\t<\/div>","protected":false},"excerpt":{"rendered":"<p>Billing &amp; Cost of Surgery The billing procedures at Caribbean Bariatric Institute may vary based on the type of surgery you receive and your insurance provider. Billing Procedure Caribbean Bariatric Institute strives to make bariatric surgery as accessible as possible by offering multiple payment options including health insurance, cash, and CareCredit. Health Insurance We accept [&hellip;]<\/p>\n","protected":false},"author":1,"featured_media":0,"parent":3132,"menu_order":0,"comment_status":"closed","ping_status":"closed","template":"","meta":{"_acf_changed":false,"footnotes":""},"class_list":["post-3139","page","type-page","status-publish","hentry"],"acf":[],"yoast_head":"<!-- This site is optimized with the Yoast SEO plugin v27.4 - https:\/\/yoast.com\/product\/yoast-seo-wordpress\/ -->\n<title>Billing &amp; Cost of Surgery | Caribbean Bariatric Institute<\/title>\n<meta name=\"description\" content=\"Discover bariatric surgery costs, payment options, and insurance coverage. Learn how to finance your weight loss journey today.\" \/>\n<meta name=\"robots\" content=\"index, follow, max-snippet:-1, max-image-preview:large, max-video-preview:-1\" \/>\n<link rel=\"canonical\" href=\"https:\/\/caribbeanbariatric.com\/es\/resources\/billing-cost-of-surgery\/\" \/>\n<meta property=\"og:locale\" content=\"es_ES\" \/>\n<meta property=\"og:type\" content=\"article\" \/>\n<meta property=\"og:title\" content=\"Billing &amp; Cost of Surgery | Caribbean Bariatric Institute\" \/>\n<meta property=\"og:description\" content=\"Discover bariatric surgery costs, payment options, and insurance coverage. Learn how to finance your weight loss journey today.\" \/>\n<meta property=\"og:url\" content=\"https:\/\/caribbeanbariatric.com\/es\/resources\/billing-cost-of-surgery\/\" \/>\n<meta property=\"og:site_name\" content=\"Caribbean Bariatric Institute\" \/>\n<meta property=\"article:modified_time\" content=\"2025-03-05T14:01:47+00:00\" \/>\n<meta name=\"twitter:card\" content=\"summary_large_image\" \/>\n<meta name=\"twitter:label1\" content=\"Est. reading time\" \/>\n\t<meta name=\"twitter:data1\" content=\"2 minutos\" \/>\n<script type=\"application\/ld+json\" class=\"yoast-schema-graph\">{\"@context\":\"https:\\\/\\\/schema.org\",\"@graph\":[{\"@type\":\"WebPage\",\"@id\":\"https:\\\/\\\/caribbeanbariatric.com\\\/resources\\\/billing-cost-of-surgery\\\/\",\"url\":\"https:\\\/\\\/caribbeanbariatric.com\\\/resources\\\/billing-cost-of-surgery\\\/\",\"name\":\"Billing & Cost of Surgery | Caribbean Bariatric Institute\",\"isPartOf\":{\"@id\":\"https:\\\/\\\/caribbeanbariatric.com\\\/#website\"},\"datePublished\":\"2022-10-03T17:06:42+00:00\",\"dateModified\":\"2025-03-05T14:01:47+00:00\",\"description\":\"Discover bariatric surgery costs, payment options, and insurance coverage. Learn how to finance your weight loss journey today.\",\"breadcrumb\":{\"@id\":\"https:\\\/\\\/caribbeanbariatric.com\\\/resources\\\/billing-cost-of-surgery\\\/#breadcrumb\"},\"inLanguage\":\"es\",\"potentialAction\":[{\"@type\":\"ReadAction\",\"target\":[\"https:\\\/\\\/caribbeanbariatric.com\\\/resources\\\/billing-cost-of-surgery\\\/\"]}]},{\"@type\":\"BreadcrumbList\",\"@id\":\"https:\\\/\\\/caribbeanbariatric.com\\\/resources\\\/billing-cost-of-surgery\\\/#breadcrumb\",\"itemListElement\":[{\"@type\":\"ListItem\",\"position\":1,\"name\":\"Home\",\"item\":\"https:\\\/\\\/caribbeanbariatric.com\\\/\"},{\"@type\":\"ListItem\",\"position\":2,\"name\":\"Patient Resources\",\"item\":\"https:\\\/\\\/caribbeanbariatric.com\\\/resources\\\/\"},{\"@type\":\"ListItem\",\"position\":3,\"name\":\"Billing \\\/ Cost of Surgery\"}]},{\"@type\":\"WebSite\",\"@id\":\"https:\\\/\\\/caribbeanbariatric.com\\\/#website\",\"url\":\"https:\\\/\\\/caribbeanbariatric.com\\\/\",\"name\":\"Caribbean Bariatric Institute\",\"description\":\"\",\"publisher\":{\"@id\":\"https:\\\/\\\/caribbeanbariatric.com\\\/#organization\"},\"potentialAction\":[{\"@type\":\"SearchAction\",\"target\":{\"@type\":\"EntryPoint\",\"urlTemplate\":\"https:\\\/\\\/caribbeanbariatric.com\\\/?s={search_term_string}\"},\"query-input\":{\"@type\":\"PropertyValueSpecification\",\"valueRequired\":true,\"valueName\":\"search_term_string\"}}],\"inLanguage\":\"es\"},{\"@type\":\"Organization\",\"@id\":\"https:\\\/\\\/caribbeanbariatric.com\\\/#organization\",\"name\":\"Caribbean Bariatric Institute\",\"url\":\"https:\\\/\\\/caribbeanbariatric.com\\\/\",\"logo\":{\"@type\":\"ImageObject\",\"inLanguage\":\"es\",\"@id\":\"https:\\\/\\\/caribbeanbariatric.com\\\/#\\\/schema\\\/logo\\\/image\\\/\",\"url\":\"https:\\\/\\\/caribbeanbariatric.com\\\/wp-content\\\/uploads\\\/2024\\\/10\\\/CBI_Logo_Horiz_Blue_Gray.jpg\",\"contentUrl\":\"https:\\\/\\\/caribbeanbariatric.com\\\/wp-content\\\/uploads\\\/2024\\\/10\\\/CBI_Logo_Horiz_Blue_Gray.jpg\",\"width\":1347,\"height\":390,\"caption\":\"Caribbean Bariatric Institute\"},\"image\":{\"@id\":\"https:\\\/\\\/caribbeanbariatric.com\\\/#\\\/schema\\\/logo\\\/image\\\/\"}}]}<\/script>\n<!-- \/ Yoast SEO plugin. -->","yoast_head_json":{"title":"Facturaci\u00f3n y Costo de la Cirug\u00eda | Caribbean Bariatric Institute","description":"Descubra los costes de la cirug\u00eda bari\u00e1trica, las opciones de pago y la cobertura del seguro. Aprenda a financiar su viaje de p\u00e9rdida de peso hoy mismo.","robots":{"index":"index","follow":"follow","max-snippet":"max-snippet:-1","max-image-preview":"max-image-preview:large","max-video-preview":"max-video-preview:-1"},"canonical":"https:\/\/caribbeanbariatric.com\/es\/resources\/billing-cost-of-surgery\/","og_locale":"es_ES","og_type":"article","og_title":"Billing & Cost of Surgery | Caribbean Bariatric Institute","og_description":"Discover bariatric surgery costs, payment options, and insurance coverage. Learn how to finance your weight loss journey today.","og_url":"https:\/\/caribbeanbariatric.com\/es\/resources\/billing-cost-of-surgery\/","og_site_name":"Caribbean Bariatric Institute","article_modified_time":"2025-03-05T14:01:47+00:00","twitter_card":"summary_large_image","twitter_misc":{"Est. reading time":"2 minutos"},"schema":{"@context":"https:\/\/schema.org","@graph":[{"@type":"WebPage","@id":"https:\/\/caribbeanbariatric.com\/resources\/billing-cost-of-surgery\/","url":"https:\/\/caribbeanbariatric.com\/resources\/billing-cost-of-surgery\/","name":"Facturaci\u00f3n y Costo de la Cirug\u00eda | Caribbean Bariatric Institute","isPartOf":{"@id":"https:\/\/caribbeanbariatric.com\/#website"},"datePublished":"2022-10-03T17:06:42+00:00","dateModified":"2025-03-05T14:01:47+00:00","description":"Descubra los costes de la cirug\u00eda bari\u00e1trica, las opciones de pago y la cobertura del seguro. Aprenda a financiar su viaje de p\u00e9rdida de peso hoy mismo.","breadcrumb":{"@id":"https:\/\/caribbeanbariatric.com\/resources\/billing-cost-of-surgery\/#breadcrumb"},"inLanguage":"es","potentialAction":[{"@type":"ReadAction","target":["https:\/\/caribbeanbariatric.com\/resources\/billing-cost-of-surgery\/"]}]},{"@type":"BreadcrumbList","@id":"https:\/\/caribbeanbariatric.com\/resources\/billing-cost-of-surgery\/#breadcrumb","itemListElement":[{"@type":"ListItem","position":1,"name":"Home","item":"https:\/\/caribbeanbariatric.com\/"},{"@type":"ListItem","position":2,"name":"Patient Resources","item":"https:\/\/caribbeanbariatric.com\/resources\/"},{"@type":"ListItem","position":3,"name":"Billing \/ Cost of Surgery"}]},{"@type":"WebSite","@id":"https:\/\/caribbeanbariatric.com\/#website","url":"https:\/\/caribbeanbariatric.com\/","name":"Instituto Bari\u00e1trico del Caribe","description":"","publisher":{"@id":"https:\/\/caribbeanbariatric.com\/#organization"},"potentialAction":[{"@type":"SearchAction","target":{"@type":"EntryPoint","urlTemplate":"https:\/\/caribbeanbariatric.com\/?s={search_term_string}"},"query-input":{"@type":"PropertyValueSpecification","valueRequired":true,"valueName":"search_term_string"}}],"inLanguage":"es"},{"@type":"Organization","@id":"https:\/\/caribbeanbariatric.com\/#organization","name":"Instituto Bari\u00e1trico del Caribe","url":"https:\/\/caribbeanbariatric.com\/","logo":{"@type":"ImageObject","inLanguage":"es","@id":"https:\/\/caribbeanbariatric.com\/#\/schema\/logo\/image\/","url":"https:\/\/caribbeanbariatric.com\/wp-content\/uploads\/2024\/10\/CBI_Logo_Horiz_Blue_Gray.jpg","contentUrl":"https:\/\/caribbeanbariatric.com\/wp-content\/uploads\/2024\/10\/CBI_Logo_Horiz_Blue_Gray.jpg","width":1347,"height":390,"caption":"Caribbean Bariatric Institute"},"image":{"@id":"https:\/\/caribbeanbariatric.com\/#\/schema\/logo\/image\/"}}]}},"_links":{"self":[{"href":"https:\/\/caribbeanbariatric.com\/es\/wp-json\/wp\/v2\/pages\/3139","targetHints":{"allow":["GET"]}}],"collection":[{"href":"https:\/\/caribbeanbariatric.com\/es\/wp-json\/wp\/v2\/pages"}],"about":[{"href":"https:\/\/caribbeanbariatric.com\/es\/wp-json\/wp\/v2\/types\/page"}],"author":[{"embeddable":true,"href":"https:\/\/caribbeanbariatric.com\/es\/wp-json\/wp\/v2\/users\/1"}],"replies":[{"embeddable":true,"href":"https:\/\/caribbeanbariatric.com\/es\/wp-json\/wp\/v2\/comments?post=3139"}],"version-history":[{"count":0,"href":"https:\/\/caribbeanbariatric.com\/es\/wp-json\/wp\/v2\/pages\/3139\/revisions"}],"up":[{"embeddable":true,"href":"https:\/\/caribbeanbariatric.com\/es\/wp-json\/wp\/v2\/pages\/3132"}],"wp:attachment":[{"href":"https:\/\/caribbeanbariatric.com\/es\/wp-json\/wp\/v2\/media?parent=3139"}],"curies":[{"name":"wp","href":"https:\/\/api.w.org\/{rel}","templated":true}]}}