{"id":3132,"date":"2022-10-03T12:04:40","date_gmt":"2022-10-03T17:04:40","guid":{"rendered":"https:\/\/runner-theme-116.flywheelsites.com\/?page_id=3132"},"modified":"2025-03-05T07:39:15","modified_gmt":"2025-03-05T12:39:15","slug":"resources","status":"publish","type":"page","link":"https:\/\/caribbeanbariatric.com\/es\/resources\/","title":{"rendered":"Recursos para pacientes"},"content":{"rendered":"<div data-elementor-type=\"wp-page\" data-elementor-id=\"3132\" class=\"elementor elementor-3132\" data-elementor-post-type=\"page\">\n\t\t\t\t\t\t<section class=\"elementor-section elementor-top-section elementor-element elementor-element-2f22e9b1 elementor-section-height-min-height elementor-section-boxed elementor-section-height-default elementor-section-items-middle\" data-id=\"2f22e9b1\" data-element_type=\"section\" data-e-type=\"section\" data-settings=\"{&quot;background_background&quot;:&quot;classic&quot;,&quot;shape_divider_bottom&quot;:&quot;waves&quot;}\">\n\t\t\t\t\t\t\t<div class=\"elementor-background-overlay\"><\/div>\n\t\t\t\t\t\t<div class=\"elementor-shape elementor-shape-bottom\" aria-hidden=\"true\" data-negative=\"false\">\n\t\t\t<svg xmlns=\"http:\/\/www.w3.org\/2000\/svg\" viewbox=\"0 0 1000 100\" preserveaspectratio=\"none\">\n\t<path class=\"elementor-shape-fill\" d=\"M421.9,6.5c22.6-2.5,51.5,0.4,75.5,5.3c23.6,4.9,70.9,23.5,100.5,35.7c75.8,32.2,133.7,44.5,192.6,49.7\tc23.6,2.1,48.7,3.5,103.4-2.5c54.7-6,106.2-25.6,106.2-25.6V0H0v30.3c0,0,72,32.6,158.4,30.5c39.2-0.7,92.8-6.7,134-22.4\tc21.2-8.1,52.2-18.2,79.7-24.2C399.3,7.9,411.6,7.5,421.9,6.5z\"\/>\n<\/svg>\t\t<\/div>\n\t\t\t\t\t<div class=\"elementor-container elementor-column-gap-no\">\n\t\t\t\t\t<div class=\"elementor-column elementor-col-100 elementor-top-column elementor-element elementor-element-5c00dfe3\" data-id=\"5c00dfe3\" data-element_type=\"column\" data-e-type=\"column\">\n\t\t\t<div class=\"elementor-widget-wrap elementor-element-populated\">\n\t\t\t\t\t\t<div class=\"elementor-element elementor-element-137714f7 elementor-widget elementor-widget-heading\" data-id=\"137714f7\" data-element_type=\"widget\" data-e-type=\"widget\" data-widget_type=\"heading.default\">\n\t\t\t\t<div class=\"elementor-widget-container\">\n\t\t\t\t\t<h1 class=\"elementor-heading-title elementor-size-default\">Recursos para pacientes<\/h1>\t\t\t\t<\/div>\n\t\t\t\t<\/div>\n\t\t\t\t<div class=\"elementor-element elementor-element-01f9eef elementor-widget elementor-widget-text-editor\" data-id=\"01f9eef\" data-element_type=\"widget\" data-e-type=\"widget\" data-widget_type=\"text-editor.default\">\n\t\t\t\t<div class=\"elementor-widget-container\">\n\t\t\t\t\t\t\t\t\t<p>Caribbean Bariatric Institute entiende que la cirug\u00eda bari\u00e1trica es una decisi\u00f3n que cambia la vida. Nos esforzamos por hacer el proceso lo m\u00e1s simple posible para cada uno de nuestros pacientes. Encuentre informaci\u00f3n sobre seguros y pol\u00edticas de facturaci\u00f3n a continuaci\u00f3n.<\/p>\t\t\t\t\t\t\t\t<\/div>\n\t\t\t\t<\/div>\n\t\t\t\t\t<\/div>\n\t\t<\/div>\n\t\t\t\t\t<\/div>\n\t\t<\/section>\n\t\t\t\t<section class=\"elementor-section elementor-top-section elementor-element elementor-element-7bbd984 elementor-section-boxed elementor-section-height-default elementor-section-height-default\" data-id=\"7bbd984\" data-element_type=\"section\" data-e-type=\"section\" data-settings=\"{&quot;background_background&quot;:&quot;classic&quot;}\">\n\t\t\t\t\t\t<div class=\"elementor-container elementor-column-gap-default\">\n\t\t\t\t\t<div class=\"elementor-column elementor-col-100 elementor-top-column elementor-element elementor-element-f8b9e9e\" data-id=\"f8b9e9e\" data-element_type=\"column\" data-e-type=\"column\">\n\t\t\t<div class=\"elementor-widget-wrap elementor-element-populated\">\n\t\t\t\t\t\t<div class=\"elementor-element elementor-element-c9b22a9 elementor-widget elementor-widget-heading\" data-id=\"c9b22a9\" data-element_type=\"widget\" data-e-type=\"widget\" data-widget_type=\"heading.default\">\n\t\t\t\t<div class=\"elementor-widget-container\">\n\t\t\t\t\t<h2 class=\"elementor-heading-title elementor-size-default\">Facturaci\u00f3n y coste de la cirug\u00eda\n\n<\/h2>\t\t\t\t<\/div>\n\t\t\t\t<\/div>\n\t\t\t\t<div class=\"elementor-element elementor-element-a24f2df elementor-widget elementor-widget-text-editor\" data-id=\"a24f2df\" data-element_type=\"widget\" data-e-type=\"widget\" data-widget_type=\"text-editor.default\">\n\t\t\t\t<div class=\"elementor-widget-container\">\n\t\t\t\t\t\t\t\t\t<p>Los costes de los procedimientos quir\u00fargicos pueden ser dif\u00edciles de predecir debido a las diferencias en los planes de tratamiento y los proveedores de seguros. Visite nuestra p\u00e1gina de facturaci\u00f3n para obtener m\u00e1s informaci\u00f3n sobre nuestros procedimientos de facturaci\u00f3n y los proveedores de seguros aceptados.<\/p>\t\t\t\t\t\t\t\t<\/div>\n\t\t\t\t<\/div>\n\t\t\t\t<div class=\"elementor-element elementor-element-20925a2 secondary-button elementor-widget elementor-widget-button\" data-id=\"20925a2\" data-element_type=\"widget\" data-e-type=\"widget\" data-widget_type=\"button.default\">\n\t\t\t\t<div class=\"elementor-widget-container\">\n\t\t\t\t\t\t\t\t\t<div class=\"elementor-button-wrapper\">\n\t\t\t\t\t<a class=\"elementor-button elementor-button-link elementor-size-sm\" href=\"\/es\/resources\/billing-cost-of-surgery\/\">\n\t\t\t\t\t\t<span class=\"elementor-button-content-wrapper\">\n\t\t\t\t\t\t\t\t\t<span class=\"elementor-button-text\">Ver detalles de facturaci\u00f3n<\/span>\n\t\t\t\t\t<\/span>\n\t\t\t\t\t<\/a>\n\t\t\t\t<\/div>\n\t\t\t\t\t\t\t\t<\/div>\n\t\t\t\t<\/div>\n\t\t\t\t\t<\/div>\n\t\t<\/div>\n\t\t\t\t\t<\/div>\n\t\t<\/section>\n\t\t\t\t<section class=\"elementor-section elementor-top-section elementor-element elementor-element-e9f38ff elementor-section-full_width elementor-section-height-default elementor-section-height-default\" data-id=\"e9f38ff\" data-element_type=\"section\" data-e-type=\"section\" data-settings=\"{&quot;background_background&quot;:&quot;classic&quot;}\">\n\t\t\t\t\t\t<div class=\"elementor-container elementor-column-gap-default\">\n\t\t\t\t\t<div class=\"elementor-column elementor-col-100 elementor-top-column elementor-element elementor-element-47800c8\" data-id=\"47800c8\" data-element_type=\"column\" data-e-type=\"column\">\n\t\t\t<div class=\"elementor-widget-wrap elementor-element-populated\">\n\t\t\t\t\t\t<div class=\"elementor-element elementor-element-1dd6e0b elementor-widget elementor-widget-template\" data-id=\"1dd6e0b\" data-element_type=\"widget\" data-e-type=\"widget\" data-widget_type=\"template.default\">\n\t\t\t\t<div class=\"elementor-widget-container\">\n\t\t\t\t\t\t\t<div class=\"elementor-template\">\n\t\t\t\t\t<div data-elementor-type=\"section\" data-elementor-id=\"2831\" class=\"elementor elementor-2831\" data-elementor-post-type=\"elementor_library\">\n\t\t\t\t\t<section class=\"elementor-section elementor-top-section elementor-element elementor-element-609fbb5e elementor-section-height-min-height elementor-section-items-bottom elementor-section-boxed elementor-section-height-default\" data-id=\"609fbb5e\" data-element_type=\"section\" data-e-type=\"section\">\n\t\t\t\t\t\t<div class=\"elementor-container elementor-column-gap-default\">\n\t\t\t\t\t<div class=\"elementor-column elementor-col-100 elementor-top-column elementor-element elementor-element-8a98846\" data-id=\"8a98846\" data-element_type=\"column\" data-e-type=\"column\" data-settings=\"{&quot;background_background&quot;:&quot;classic&quot;}\">\n\t\t\t<div class=\"elementor-widget-wrap elementor-element-populated\">\n\t\t\t\t\t\t<section class=\"elementor-section elementor-inner-section elementor-element elementor-element-e0b1e5d elementor-section-full_width elementor-section-height-default elementor-section-height-default\" data-id=\"e0b1e5d\" data-element_type=\"section\" data-e-type=\"section\" data-settings=\"{&quot;background_background&quot;:&quot;classic&quot;}\">\n\t\t\t\t\t\t<div class=\"elementor-container elementor-column-gap-default\">\n\t\t\t\t\t<div class=\"elementor-column elementor-col-50 elementor-inner-column elementor-element elementor-element-2708077\" data-id=\"2708077\" data-element_type=\"column\" data-e-type=\"column\">\n\t\t\t<div class=\"elementor-widget-wrap elementor-element-populated\">\n\t\t\t\t\t\t<div class=\"elementor-element elementor-element-25755cb ignore-text-transform elementor-widget elementor-widget-heading\" data-id=\"25755cb\" data-element_type=\"widget\" data-e-type=\"widget\" data-widget_type=\"heading.default\">\n\t\t\t\t<div class=\"elementor-widget-container\">\n\t\t\t\t\t<h2 class=\"elementor-heading-title elementor-size-default\">Te mereces una p\u00e9rdida de peso duradera y una mejor salud. \n\n<\/h2>\t\t\t\t<\/div>\n\t\t\t\t<\/div>\n\t\t\t\t<div class=\"elementor-element elementor-element-b86637a elementor-widget elementor-widget-text-editor\" data-id=\"b86637a\" data-element_type=\"widget\" data-e-type=\"widget\" data-widget_type=\"text-editor.default\">\n\t\t\t\t<div class=\"elementor-widget-container\">\n\t\t\t\t\t\t\t\t\t<p>Su salud y bienestar son importantes. Si usted ha estado luchando con el peso o problemas de salud relacionados con el peso, Caribbean Bariatric Institute puede ayudar. Tome el primer paso hacia una vida m\u00e1s saludable y solicite una cita hoy mismo.<\/p>\t\t\t\t\t\t\t\t<\/div>\n\t\t\t\t<\/div>\n\t\t\t\t<div class=\"elementor-element elementor-element-bd8bff6 elementor-hidden-desktop elementor-hidden-tablet elementor-hidden-mobile elementor-widget elementor-widget-heading\" data-id=\"bd8bff6\" data-element_type=\"widget\" data-e-type=\"widget\" data-widget_type=\"heading.default\">\n\t\t\t\t<div class=\"elementor-widget-container\">\n\t\t\t\t\t<h3 class=\"elementor-heading-title elementor-size-default\"><a href=\"tel:+17874255980\">(787) 425-5980<\/a><\/h3>\t\t\t\t<\/div>\n\t\t\t\t<\/div>\n\t\t\t\t<div class=\"elementor-element elementor-element-d123028 elementor-align-left elementor-widget elementor-widget-button\" data-id=\"d123028\" data-element_type=\"widget\" data-e-type=\"widget\" data-widget_type=\"button.default\">\n\t\t\t\t<div class=\"elementor-widget-container\">\n\t\t\t\t\t\t\t\t\t<div class=\"elementor-button-wrapper\">\n\t\t\t\t\t<a class=\"elementor-button elementor-button-link elementor-size-sm\" href=\"\/es\/request-an-appointment\/\">\n\t\t\t\t\t\t<span class=\"elementor-button-content-wrapper\">\n\t\t\t\t\t\t\t\t\t<span class=\"elementor-button-text\">Solicitar una cita<\/span>\n\t\t\t\t\t<\/span>\n\t\t\t\t\t<\/a>\n\t\t\t\t<\/div>\n\t\t\t\t\t\t\t\t<\/div>\n\t\t\t\t<\/div>\n\t\t\t\t\t<\/div>\n\t\t<\/div>\n\t\t\t\t<div class=\"elementor-column elementor-col-50 elementor-inner-column elementor-element elementor-element-90c3883\" data-id=\"90c3883\" data-element_type=\"column\" data-e-type=\"column\">\n\t\t\t<div class=\"elementor-widget-wrap elementor-element-populated\">\n\t\t\t\t\t\t<div class=\"elementor-element elementor-element-3b8f87d elementor-absolute abs-image elementor-widget elementor-widget-image\" data-id=\"3b8f87d\" data-element_type=\"widget\" data-e-type=\"widget\" data-settings=\"{&quot;_position&quot;:&quot;absolute&quot;}\" data-widget_type=\"image.default\">\n\t\t\t\t<div class=\"elementor-widget-container\">\n\t\t\t\t\t\t\t\t\t\t\t\t\t\t\t<img fetchpriority=\"high\" decoding=\"async\" width=\"430\" height=\"369\" src=\"https:\/\/caribbeanbariatric.com\/wp-content\/uploads\/2022\/01\/confident-ethnic-man-laughing.png\" class=\"attachment-large size-large wp-image-6758\" alt=\"confident-ethnic-man-laughing\" srcset=\"https:\/\/caribbeanbariatric.com\/wp-content\/uploads\/2022\/01\/confident-ethnic-man-laughing.png 430w, https:\/\/caribbeanbariatric.com\/wp-content\/uploads\/2022\/01\/confident-ethnic-man-laughing-300x257.png 300w\" sizes=\"(max-width: 430px) 100vw, 430px\" \/>\t\t\t\t\t\t\t\t\t\t\t\t\t\t\t<\/div>\n\t\t\t\t<\/div>\n\t\t\t\t\t<\/div>\n\t\t<\/div>\n\t\t\t\t\t<\/div>\n\t\t<\/section>\n\t\t\t\t\t<\/div>\n\t\t<\/div>\n\t\t\t\t\t<\/div>\n\t\t<\/section>\n\t\t\t\t<\/div>\n\t\t\t\t<\/div>\n\t\t\t\t\t\t<\/div>\n\t\t\t\t<\/div>\n\t\t\t\t\t<\/div>\n\t\t<\/div>\n\t\t\t\t\t<\/div>\n\t\t<\/section>\n\t\t\t\t<\/div>","protected":false},"excerpt":{"rendered":"<p>Patient Resources Caribbean Bariatric Institute understands that bariatric surgery is a life-changing decision. We strive to make the process as simple as possible for each of our patients. Find information on insurance and billing policies below. Billing &amp; Cost of Surgery Costs for surgical procedures can be difficult to predict due to differences in treatment [&hellip;]<\/p>\n","protected":false},"author":1,"featured_media":0,"parent":0,"menu_order":0,"comment_status":"closed","ping_status":"closed","template":"","meta":{"_acf_changed":false,"footnotes":""},"class_list":["post-3132","page","type-page","status-publish","hentry"],"acf":[],"yoast_head":"<!-- This site is optimized with the Yoast SEO plugin v27.4 - https:\/\/yoast.com\/product\/yoast-seo-wordpress\/ -->\n<title>Patient Resources | Caribbean Bariatric Institute<\/title>\n<meta name=\"description\" content=\"Discover accepted insurance plans and billing at Caribbean Bariatric Institute. Schedule a bariatric surgery appointment in Puerto Rico today!\" \/>\n<meta name=\"robots\" content=\"index, follow, max-snippet:-1, max-image-preview:large, max-video-preview:-1\" \/>\n<link rel=\"canonical\" href=\"https:\/\/caribbeanbariatric.com\/es\/resources\/\" \/>\n<meta property=\"og:locale\" content=\"es_ES\" \/>\n<meta property=\"og:type\" content=\"article\" \/>\n<meta property=\"og:title\" content=\"Patient Resources | Caribbean Bariatric Institute\" \/>\n<meta property=\"og:description\" content=\"Discover accepted insurance plans and billing at Caribbean Bariatric Institute. Schedule a bariatric surgery appointment in Puerto Rico today!\" \/>\n<meta property=\"og:url\" content=\"https:\/\/caribbeanbariatric.com\/es\/resources\/\" \/>\n<meta property=\"og:site_name\" content=\"Caribbean Bariatric Institute\" \/>\n<meta property=\"article:modified_time\" content=\"2025-03-05T12:39:15+00:00\" \/>\n<meta name=\"twitter:card\" content=\"summary_large_image\" \/>\n<meta name=\"twitter:label1\" content=\"Est. reading time\" \/>\n\t<meta name=\"twitter:data1\" content=\"1 minuto\" \/>\n<script type=\"application\/ld+json\" class=\"yoast-schema-graph\">{\"@context\":\"https:\\\/\\\/schema.org\",\"@graph\":[{\"@type\":\"WebPage\",\"@id\":\"https:\\\/\\\/caribbeanbariatric.com\\\/resources\\\/\",\"url\":\"https:\\\/\\\/caribbeanbariatric.com\\\/resources\\\/\",\"name\":\"Patient Resources | Caribbean Bariatric Institute\",\"isPartOf\":{\"@id\":\"https:\\\/\\\/caribbeanbariatric.com\\\/#website\"},\"datePublished\":\"2022-10-03T17:04:40+00:00\",\"dateModified\":\"2025-03-05T12:39:15+00:00\",\"description\":\"Discover accepted insurance plans and billing at Caribbean Bariatric Institute. Schedule a bariatric surgery appointment in Puerto Rico today!\",\"breadcrumb\":{\"@id\":\"https:\\\/\\\/caribbeanbariatric.com\\\/resources\\\/#breadcrumb\"},\"inLanguage\":\"es\",\"potentialAction\":[{\"@type\":\"ReadAction\",\"target\":[\"https:\\\/\\\/caribbeanbariatric.com\\\/resources\\\/\"]}]},{\"@type\":\"BreadcrumbList\",\"@id\":\"https:\\\/\\\/caribbeanbariatric.com\\\/resources\\\/#breadcrumb\",\"itemListElement\":[{\"@type\":\"ListItem\",\"position\":1,\"name\":\"Home\",\"item\":\"https:\\\/\\\/caribbeanbariatric.com\\\/\"},{\"@type\":\"ListItem\",\"position\":2,\"name\":\"Patient Resources\"}]},{\"@type\":\"WebSite\",\"@id\":\"https:\\\/\\\/caribbeanbariatric.com\\\/#website\",\"url\":\"https:\\\/\\\/caribbeanbariatric.com\\\/\",\"name\":\"Caribbean Bariatric Institute\",\"description\":\"\",\"publisher\":{\"@id\":\"https:\\\/\\\/caribbeanbariatric.com\\\/#organization\"},\"potentialAction\":[{\"@type\":\"SearchAction\",\"target\":{\"@type\":\"EntryPoint\",\"urlTemplate\":\"https:\\\/\\\/caribbeanbariatric.com\\\/?s={search_term_string}\"},\"query-input\":{\"@type\":\"PropertyValueSpecification\",\"valueRequired\":true,\"valueName\":\"search_term_string\"}}],\"inLanguage\":\"es\"},{\"@type\":\"Organization\",\"@id\":\"https:\\\/\\\/caribbeanbariatric.com\\\/#organization\",\"name\":\"Caribbean Bariatric Institute\",\"url\":\"https:\\\/\\\/caribbeanbariatric.com\\\/\",\"logo\":{\"@type\":\"ImageObject\",\"inLanguage\":\"es\",\"@id\":\"https:\\\/\\\/caribbeanbariatric.com\\\/#\\\/schema\\\/logo\\\/image\\\/\",\"url\":\"https:\\\/\\\/caribbeanbariatric.com\\\/wp-content\\\/uploads\\\/2024\\\/10\\\/CBI_Logo_Horiz_Blue_Gray.jpg\",\"contentUrl\":\"https:\\\/\\\/caribbeanbariatric.com\\\/wp-content\\\/uploads\\\/2024\\\/10\\\/CBI_Logo_Horiz_Blue_Gray.jpg\",\"width\":1347,\"height\":390,\"caption\":\"Caribbean Bariatric Institute\"},\"image\":{\"@id\":\"https:\\\/\\\/caribbeanbariatric.com\\\/#\\\/schema\\\/logo\\\/image\\\/\"}}]}<\/script>\n<!-- \/ Yoast SEO plugin. -->","yoast_head_json":{"title":"Recursos para pacientes | Instituto Bari\u00e1trico del Caribe","description":"Descubra los planes de seguro aceptados y la facturaci\u00f3n en Caribbean Bariatric Institute. \u00a1Programe una cita de cirug\u00eda bari\u00e1trica en Puerto Rico hoy!","robots":{"index":"index","follow":"follow","max-snippet":"max-snippet:-1","max-image-preview":"max-image-preview:large","max-video-preview":"max-video-preview:-1"},"canonical":"https:\/\/caribbeanbariatric.com\/es\/resources\/","og_locale":"es_ES","og_type":"article","og_title":"Patient Resources | Caribbean Bariatric Institute","og_description":"Discover accepted insurance plans and billing at Caribbean Bariatric Institute. Schedule a bariatric surgery appointment in Puerto Rico today!","og_url":"https:\/\/caribbeanbariatric.com\/es\/resources\/","og_site_name":"Caribbean Bariatric Institute","article_modified_time":"2025-03-05T12:39:15+00:00","twitter_card":"summary_large_image","twitter_misc":{"Est. reading time":"1 minuto"},"schema":{"@context":"https:\/\/schema.org","@graph":[{"@type":"WebPage","@id":"https:\/\/caribbeanbariatric.com\/resources\/","url":"https:\/\/caribbeanbariatric.com\/resources\/","name":"Recursos para pacientes | Instituto Bari\u00e1trico del Caribe","isPartOf":{"@id":"https:\/\/caribbeanbariatric.com\/#website"},"datePublished":"2022-10-03T17:04:40+00:00","dateModified":"2025-03-05T12:39:15+00:00","description":"Descubra los planes de seguro aceptados y la facturaci\u00f3n en Caribbean Bariatric Institute. \u00a1Programe una cita de cirug\u00eda bari\u00e1trica en Puerto Rico hoy!","breadcrumb":{"@id":"https:\/\/caribbeanbariatric.com\/resources\/#breadcrumb"},"inLanguage":"es","potentialAction":[{"@type":"ReadAction","target":["https:\/\/caribbeanbariatric.com\/resources\/"]}]},{"@type":"BreadcrumbList","@id":"https:\/\/caribbeanbariatric.com\/resources\/#breadcrumb","itemListElement":[{"@type":"ListItem","position":1,"name":"Home","item":"https:\/\/caribbeanbariatric.com\/"},{"@type":"ListItem","position":2,"name":"Patient Resources"}]},{"@type":"WebSite","@id":"https:\/\/caribbeanbariatric.com\/#website","url":"https:\/\/caribbeanbariatric.com\/","name":"Instituto Bari\u00e1trico del Caribe","description":"","publisher":{"@id":"https:\/\/caribbeanbariatric.com\/#organization"},"potentialAction":[{"@type":"SearchAction","target":{"@type":"EntryPoint","urlTemplate":"https:\/\/caribbeanbariatric.com\/?s={search_term_string}"},"query-input":{"@type":"PropertyValueSpecification","valueRequired":true,"valueName":"search_term_string"}}],"inLanguage":"es"},{"@type":"Organization","@id":"https:\/\/caribbeanbariatric.com\/#organization","name":"Instituto Bari\u00e1trico del Caribe","url":"https:\/\/caribbeanbariatric.com\/","logo":{"@type":"ImageObject","inLanguage":"es","@id":"https:\/\/caribbeanbariatric.com\/#\/schema\/logo\/image\/","url":"https:\/\/caribbeanbariatric.com\/wp-content\/uploads\/2024\/10\/CBI_Logo_Horiz_Blue_Gray.jpg","contentUrl":"https:\/\/caribbeanbariatric.com\/wp-content\/uploads\/2024\/10\/CBI_Logo_Horiz_Blue_Gray.jpg","width":1347,"height":390,"caption":"Caribbean Bariatric Institute"},"image":{"@id":"https:\/\/caribbeanbariatric.com\/#\/schema\/logo\/image\/"}}]}},"_links":{"self":[{"href":"https:\/\/caribbeanbariatric.com\/es\/wp-json\/wp\/v2\/pages\/3132","targetHints":{"allow":["GET"]}}],"collection":[{"href":"https:\/\/caribbeanbariatric.com\/es\/wp-json\/wp\/v2\/pages"}],"about":[{"href":"https:\/\/caribbeanbariatric.com\/es\/wp-json\/wp\/v2\/types\/page"}],"author":[{"embeddable":true,"href":"https:\/\/caribbeanbariatric.com\/es\/wp-json\/wp\/v2\/users\/1"}],"replies":[{"embeddable":true,"href":"https:\/\/caribbeanbariatric.com\/es\/wp-json\/wp\/v2\/comments?post=3132"}],"version-history":[{"count":0,"href":"https:\/\/caribbeanbariatric.com\/es\/wp-json\/wp\/v2\/pages\/3132\/revisions"}],"wp:attachment":[{"href":"https:\/\/caribbeanbariatric.com\/es\/wp-json\/wp\/v2\/media?parent=3132"}],"curies":[{"name":"wp","href":"https:\/\/api.w.org\/{rel}","templated":true}]}}